{"id":1030,"date":"2012-04-07T14:35:40","date_gmt":"2012-04-07T13:35:40","guid":{"rendered":"http:\/\/cornelia.siteware.ch\/cms\/?page_id=1030"},"modified":"2012-09-08T09:37:15","modified_gmt":"2012-09-08T08:37:15","slug":"prapositionen-mit-dem-akkusativ","status":"publish","type":"page","link":"http:\/\/cornelia.siteware.ch\/cms\/daf-daz-2\/grammatik\/prapositionen\/prapositionen-mit-dem-akkusativ","title":{"rendered":"Pr\u00e4positionen mit dem Akkusativ &#8211; Prepositions combined with accusative case"},"content":{"rendered":"<p>Einige Pr\u00e4positionen kombiniert man immer (also unhabh\u00e4ngig von der Bedeutung) mit einem Nomen oder Pronomen im Akkusativ. Die wichtigsten siehst du in der Grafik unten.<br \/>\n<em><small>Some prepositions are always combined with a nound or a pronoun in the accusative case &#8211; regardless of the meaning of the preposition. The most important prepositions with accusative can be seen in the picture below. <\/small><\/em><br \/>\n<a title=\"Wordle: Pr\u00e4positionen mit Akkusativ\" href=\"http:\/\/www.wordle.net\/show\/wrdl\/5117165\/Pr%C3%A4positionen_mit_Akkusativ\"><img decoding=\"async\" class=\"aligncenter\" style=\"padding: 4px; border: 1px solid #ddd;\" src=\"http:\/\/www.wordle.net\/thumb\/wrdl\/5117165\/Pr%C3%A4positionen_mit_Akkusativ\" alt=\"Wordle: Pr\u00e4positionen mit Akkusativ\" \/><\/a><\/p>\n<p><strong>Beispiele f\u00fcr die Formen<\/strong><\/p>\n<div>\n<p><span style=\"text-decoration: underline;\">durch<\/span><\/p>\n<ul>\n<li>Der Vater geht durch <strong>den Wald<\/strong> (m).<\/li>\n<li>Ich komme durch <strong>die T\u00fcr<\/strong> (f).<\/li>\n<li>Ihr seht durch<strong>s<\/strong> <strong>Fenster <\/strong>(n).<\/li>\n<li>Auf dem Weg nach D\u00e4nemark sind wir duch <strong>die Niederlande<\/strong> gefahren (Plural).<\/li>\n<li>Wir sind durch <strong>D\u00f6rfer und St\u00e4dte<\/strong> gefahren (Plural ohne Artikel)<\/li>\n<\/ul>\n<p><span style=\"text-decoration: underline;\">f\u00fcr<\/span><\/p>\n<ul>\n<li>Das ist \u00a0\u00a0\u00a0\u00a0\u00a0\u00a0\u00a0\u00a0\u00a0\u00a0\u00a0\u00a0\u00a0\u00a0\u00a0\u00a0\u00a0\u00a0\u00a0\u00a0\u00a0\u00a0\u00a0 f\u00fcr <strong>den Jungen<\/strong> (m).<\/li>\n<li>Der Brief ist \u00a0\u00a0\u00a0\u00a0\u00a0\u00a0\u00a0\u00a0\u00a0\u00a0\u00a0\u00a0\u00a0\u00a0\u00a0 f\u00fcr <strong>die Frau<\/strong> (f).<\/li>\n<li>Die Blumen sind \u00a0\u00a0\u00a0\u00a0\u00a0\u00a0\u00a0 f\u00fcr <strong>das M\u00e4dchen <\/strong>(n).<\/li>\n<li>Dieses Geschenk ist\u00a0\u00a0 f\u00fcr <strong>die Eltern<\/strong> meiner Frau (Plural).<\/li>\n<\/ul>\n<p><small><strong>Wortschatz aus den Beispielen<\/strong><br \/>\nder <strong>Vater<\/strong>, die V\u00e4ter = father \/ <strong>gehen<\/strong> (geht, ging, ist gegangen) = walk, go \/ <strong>durch<\/strong> = trough \/ der Wald, W\u00e4lder \/<strong> ich<\/strong> = I \/ <strong>kommen<\/strong> (kommt, kam, ist gekommen) = come \/ die <strong>T\u00fcr<\/strong>, -en ) door \/ <strong>ihr<\/strong> = you (plural, informal) \/ <strong>sehen<\/strong> (sieht, sah, hat gesehen) see, watch \/ das <strong>Fenster<\/strong>, &#8211; = window \/ <strong>auf dem Weg nach<\/strong> = on the way to \/ <strong>D\u00e4nemark<\/strong> = Danmark \/ die <strong>Niederlande<\/strong> (Plural) = the netherlands \/ <strong>fahren<\/strong> (f\u00e4hrt, fuhr, ist gefahren = drive, go by car) \/ <strong>wir<\/strong> = we \/ das <strong>Dorf<\/strong>, D\u00f6rfer = village \/ die <strong>Stadt<\/strong>, St\u00e4dte = city, town \/ <strong>das<\/strong> = this \/ der <strong>Junge<\/strong>, -n = boy \/ der <strong>Brief<\/strong>, -e = letter \/ die <strong>Frau<\/strong>, -en = woman \/ die <strong>Blume<\/strong>, -n ) flower \/ das <strong>M\u00e4dchen<\/strong>, &#8211; = girl \/ das <strong>Geschenk<\/strong>, -e = gift \/ die <strong>Eltern<\/strong> (Plural) = parents \/ <strong>meiner Frau<\/strong> = of my wife<br \/>\n<\/small><\/p>\n<\/div>\n<p><strong>Kurzformen:<\/strong><\/p>\n<ul>\n<li>um das = <strong>ums<\/strong>, f\u00fcr das = <strong>f\u00fcrs<\/strong>, durch das = <strong>durchs<\/strong> (vor allem m\u00fcndlich)<\/li>\n<li>ohne und gegen haben keine Kurzformen<\/li>\n<\/ul>\n<p><em><small>The short forms ums, f\u00fcrs and durchs are mostly used for speaking. \u201eOhne\u201c and \u201egegen\u201c do not have short forms.<\/small><\/em><\/p>\n<p><strong>Beispiels\u00e4tze f\u00fcr die Bedeutung<\/strong><\/p>\n<ul>\n<li>Diese Flasche Wein ist <strong>f\u00fcr<\/strong> meinen Grossvater.<br \/>\n<em>= Empf\u00e4nger <small>(recipient)<\/small><\/em><\/li>\n<li>Ich brauche die Punkte <strong>f\u00fcr<\/strong> meinen Bachelor.<br \/>\n<em>= Zweck<\/em> (<small><em>purpose)<\/em><\/small>)<\/li>\n<\/ul>\n<ul>\n<li>Wir machen eine Reise <strong>durch<\/strong> die Schweiz<br \/>\n<em>Bewegung durch oder in einem Bereich (<\/em><small><em>movement trough or in a certain area)<\/em><\/small><br \/>\n<a href=\"http:\/\/cornelia.siteware.ch\/cms\/wp-content\/uploads\/2012\/04\/durch.png\"><img decoding=\"async\" loading=\"lazy\" class=\"alignnone size-full wp-image-1767\" title=\"durch\" src=\"http:\/\/cornelia.siteware.ch\/cms\/wp-content\/uploads\/2012\/04\/durch.png\" alt=\"\" width=\"214\" height=\"90\" \/><\/a><\/li>\n<li><strong>Durch<\/strong> die Einf\u00fchrung des Euros sind die Preise gestiegen.<br \/>\n<em>Urheber, Ursache (author, cause)<\/em><\/li>\n<\/ul>\n<ul>\n<li>Er ist <strong>gegen<\/strong> diesen Vorschlag.<\/li>\n<li>Er ist mit dem Auto <strong>gegen<\/strong> einen Baum gefahren.<\/li>\n<li>Diese Tabletten wirken <strong>gegen<\/strong> Kopfschmerzen.<\/li>\n<li>Ich komme morgen <strong>gegen<\/strong> 8 Uhr.<br \/>\n<em>gegen + Zeit = ungef\u00e4hr<\/em><\/li>\n<\/ul>\n<ul>\n<li><strong>Ohne<\/strong> dich h\u00e4tte ich das nie geschafft.<\/li>\n<li><strong>Ohne<\/strong> meine Brille kann ich nichts sehen.<\/li>\n<\/ul>\n<ul>\n<li><strong>Um<\/strong> den Tisch (herum) stehen vier St\u00fchle.<br \/>\n<a href=\"http:\/\/cornelia.siteware.ch\/cms\/wp-content\/uploads\/2012\/04\/um.png\"><img decoding=\"async\" loading=\"lazy\" class=\"alignnone size-full wp-image-1769\" title=\"um\" src=\"http:\/\/cornelia.siteware.ch\/cms\/wp-content\/uploads\/2012\/04\/um.png\" alt=\"\" width=\"203\" height=\"140\" \/><\/a><\/li>\n<li>Wir sind <strong>um<\/strong> den See gewandert.<\/li>\n<li>Der Unterricht beginnt <strong>um<\/strong> 9.15 Uhr.<br \/>\n<em>Um + Zeit = wann etwas stattfindet (the time, when something takes place)<\/em><\/li>\n<li>Die Kirche wurde <strong>um<\/strong> 1750 erbaut.<br \/>\n<em>um + Jahreszahl = circa, ungef\u00e4hr<\/em><\/li>\n<\/ul>\n<p><small><strong>W\u00f6rter und Ausdr\u00fccke aus den Beispielen<\/strong><\/small><br \/>\n<small>die <strong>Flasche<\/strong>, -n = bottle \/ der <strong>Grossvater<\/strong>, -\u00a8- (D: Gro\u00dfvater) = grandfather \/ der <strong>Punkt<\/strong>, -e = point \/ die <strong>Reise<\/strong>, -n =journy, trip \/ die <strong>Einf\u00fchrung<\/strong>, -en = introduction\u00a0 \/ <strong>des Euros<\/strong> = of the Euro \/ der <strong>Preis<\/strong>, e = price \/ <strong>steigen<\/strong> (steigt, stieg, ist gestiegen) = rise, go up \/ der <strong>Vorschlag<\/strong>, -\u00a8-e = proposal \/ das <strong>Auto<\/strong>, -s = car \/ der <strong>Baum<\/strong>, -\u00a8-e = tree \/ <strong>fahren<\/strong> (f\u00e4hrt, fuhr, ist gefahren) = drive, go by car \/ die <strong>Tablette<\/strong>, -n = pill, tablet \/ di<strong>e Kopfschmerzen<\/strong> (Plural) = headache \/ der <strong>Tisch<\/strong>, -e = table \/<strong> stehen<\/strong> = stand \/ <strong>vier<\/strong> = 4 \/ der <strong>Stuhl<\/strong>, -\u00a8-e = chair \/ <strong>wandern<\/strong> (wandert, wanderte, ist gewandert) = hike \/ der <strong>Unterricht<\/strong> = classes \/ die <strong>Kirche<\/strong>, -n = church \/ <strong>wurde erbaut<\/strong> = has been built<\/small><\/p>\n<div class=\"note\"><strong>Materialien zum \u00dcben und Weiterlernen<br \/>\n<\/strong><\/p>\n<ul>\n<li><a href=\"http:\/\/www.canoo.net\/services\/OnlineGrammar\/Wort\/Praeposition\/Kasus\/Akkusativ.html\">Vollst\u00e4ndige Liste von Pr\u00e4positionen mit Akkusativ<\/a> von Canoo.net (inklusive einiger sehr seltener Pr\u00e4positionen, auch auf Englisch).<\/li>\n<li><a href=\"http:\/\/www.mein-deutschbuch.de\/lernen.php?menu_id=82\">Erkl\u00e4rungen<\/a> und <a href=\"http:\/\/www.mein-deutschbuch.de\/lernen.php?menu_id=158\">Online-\u00dcbungen<\/a> von <a href=\"http:\/\/www.mein-deutschbuch.de\/\">mein-deutschbuch.de<\/a>.<\/li>\n<li><a href=\"http:\/\/www.grammatiktraining.de\/uebungen\/praepakk_cha.html\">Akkusativ-Pr\u00e4positionen<\/a> finden: Das Cham\u00e4leon frisst nur Pr\u00e4positionen mit Akkusativ von <a href=\"http:\/\/www.grammatiktraining.de\/\">grammatiktraining.de<\/a>.<\/li>\n<\/ul>\n<\/div>\n","protected":false},"excerpt":{"rendered":"<p>Einige Pr\u00e4positionen kombiniert man immer (also unhabh\u00e4ngig von der Bedeutung) mit einem Nomen oder Pronomen im Akkusativ. Die wichtigsten siehst du in der Grafik unten. Some prepositions are always combined with a nound or a pronoun in the accusative case &#8211; regardless of the meaning of the preposition. The most important prepositions with accusative can <a href='http:\/\/cornelia.siteware.ch\/cms\/daf-daz-2\/grammatik\/prapositionen\/prapositionen-mit-dem-akkusativ' class='excerpt-more'>[&#8230;]<\/a><\/p>\n","protected":false},"author":4,"featured_media":0,"parent":1019,"menu_order":1,"comment_status":"open","ping_status":"open","template":"","meta":{"footnotes":"","_links_to":"","_links_to_target":""},"_links":{"self":[{"href":"http:\/\/cornelia.siteware.ch\/cms\/wp-json\/wp\/v2\/pages\/1030"}],"collection":[{"href":"http:\/\/cornelia.siteware.ch\/cms\/wp-json\/wp\/v2\/pages"}],"about":[{"href":"http:\/\/cornelia.siteware.ch\/cms\/wp-json\/wp\/v2\/types\/page"}],"author":[{"embeddable":true,"href":"http:\/\/cornelia.siteware.ch\/cms\/wp-json\/wp\/v2\/users\/4"}],"replies":[{"embeddable":true,"href":"http:\/\/cornelia.siteware.ch\/cms\/wp-json\/wp\/v2\/comments?post=1030"}],"version-history":[{"count":20,"href":"http:\/\/cornelia.siteware.ch\/cms\/wp-json\/wp\/v2\/pages\/1030\/revisions"}],"predecessor-version":[{"id":1032,"href":"http:\/\/cornelia.siteware.ch\/cms\/wp-json\/wp\/v2\/pages\/1030\/revisions\/1032"}],"up":[{"embeddable":true,"href":"http:\/\/cornelia.siteware.ch\/cms\/wp-json\/wp\/v2\/pages\/1019"}],"wp:attachment":[{"href":"http:\/\/cornelia.siteware.ch\/cms\/wp-json\/wp\/v2\/media?parent=1030"}],"curies":[{"name":"wp","href":"https:\/\/api.w.org\/{rel}","templated":true}]}}