{"id":1019,"date":"2012-04-07T13:51:25","date_gmt":"2012-04-07T12:51:25","guid":{"rendered":"http:\/\/cornelia.siteware.ch\/cms\/?page_id=1019"},"modified":"2012-04-11T14:06:41","modified_gmt":"2012-04-11T13:06:41","slug":"prapositionen","status":"publish","type":"page","link":"http:\/\/cornelia.siteware.ch\/cms\/daf-daz-2\/grammatik\/prapositionen","title":{"rendered":"Pr\u00e4positionen"},"content":{"rendered":"<div id=\"shailan-subpages-1019-1\"><ul class=\"subpages\"><li class=\"page_item page-item-1263\"><a href=\"http:\/\/cornelia.siteware.ch\/cms\/daf-daz-2\/grammatik\/prapositionen\/bedeutung-und-funktion-der-prapositionen\"  rel=\"\">Bedeutung und Funktion der Pr\u00e4positionen - Meaning and Function of Prepositions<\/a><\/li>\n<li class=\"page_item page-item-1030\"><a href=\"http:\/\/cornelia.siteware.ch\/cms\/daf-daz-2\/grammatik\/prapositionen\/prapositionen-mit-dem-akkusativ\"  rel=\"\">Pr\u00e4positionen mit dem Akkusativ - Prepositions combined with accusative case<\/a><\/li>\n<li class=\"page_item page-item-1221\"><a href=\"http:\/\/cornelia.siteware.ch\/cms\/daf-daz-2\/grammatik\/prapositionen\/prapositionen-mit-dem-dativ\"  rel=\"\">Pr\u00e4positionen mit dem Dativ<\/a><\/li>\n<li class=\"page_item page-item-1021\"><a href=\"http:\/\/cornelia.siteware.ch\/cms\/daf-daz-2\/grammatik\/prapositionen\/wechselprapositionen-two-way-prepositions\"  rel=\"\">Wechselpr\u00e4positionen - Two-Way-Prepositions<\/a>\n<ul class='children'>\n\t<li class=\"page_item page-item-1250\"><a href=\"http:\/\/cornelia.siteware.ch\/cms\/daf-daz-2\/grammatik\/prapositionen\/wechselprapositionen-two-way-prepositions\/ort-und-ortswechsel-place-and-change-of-place\"  rel=\"\">Ort und Ortswechsel - Place and change of Place<\/a><\/li>\n\t<li class=\"page_item page-item-1252\"><a href=\"http:\/\/cornelia.siteware.ch\/cms\/daf-daz-2\/grammatik\/prapositionen\/wechselprapositionen-two-way-prepositions\/typische-verben-zum-angeben-von-ort-und-ortswechsel\"  rel=\"\">Typische Verben zum Angeben von Ort und Ortswechsel<\/a><\/li>\n\t<li class=\"page_item page-item-1254\"><a href=\"http:\/\/cornelia.siteware.ch\/cms\/daf-daz-2\/grammatik\/prapositionen\/wechselprapositionen-two-way-prepositions\/kurzformen-von-wechselprapositionen-und-artikel\"  rel=\"\">Kurzformen von Wechselpr\u00e4positionen und Artikel<\/a><\/li>\n<\/ul>\n<\/li>\n<li class=\"page_item page-item-1281\"><a href=\"http:\/\/cornelia.siteware.ch\/cms\/daf-daz-2\/grammatik\/prapositionen\/prapositionen-lernen\"  rel=\"\">Pr\u00e4positionen lernen<\/a><\/li>\n<\/ul><\/div>\n","protected":false},"excerpt":{"rendered":"<p>Bedeutung und Funktion der Pr\u00e4positionen &#8211; Meaning and Function of Prepositions Pr\u00e4positionen mit dem Akkusativ &#8211; Prepositions combined with accusative case Pr\u00e4positionen mit dem Dativ Wechselpr\u00e4positionen &#8211; Two-Way-Prepositions Ort und Ortswechsel &#8211; Place and change of Place Typische Verben zum Angeben von Ort und Ortswechsel Kurzformen von Wechselpr\u00e4positionen und Artikel Pr\u00e4positionen lernen<\/p>\n","protected":false},"author":4,"featured_media":0,"parent":4,"menu_order":4,"comment_status":"closed","ping_status":"closed","template":"","meta":{"footnotes":"","_links_to":"","_links_to_target":""},"_links":{"self":[{"href":"http:\/\/cornelia.siteware.ch\/cms\/wp-json\/wp\/v2\/pages\/1019"}],"collection":[{"href":"http:\/\/cornelia.siteware.ch\/cms\/wp-json\/wp\/v2\/pages"}],"about":[{"href":"http:\/\/cornelia.siteware.ch\/cms\/wp-json\/wp\/v2\/types\/page"}],"author":[{"embeddable":true,"href":"http:\/\/cornelia.siteware.ch\/cms\/wp-json\/wp\/v2\/users\/4"}],"replies":[{"embeddable":true,"href":"http:\/\/cornelia.siteware.ch\/cms\/wp-json\/wp\/v2\/comments?post=1019"}],"version-history":[{"count":8,"href":"http:\/\/cornelia.siteware.ch\/cms\/wp-json\/wp\/v2\/pages\/1019\/revisions"}],"predecessor-version":[{"id":1280,"href":"http:\/\/cornelia.siteware.ch\/cms\/wp-json\/wp\/v2\/pages\/1019\/revisions\/1280"}],"up":[{"embeddable":true,"href":"http:\/\/cornelia.siteware.ch\/cms\/wp-json\/wp\/v2\/pages\/4"}],"wp:attachment":[{"href":"http:\/\/cornelia.siteware.ch\/cms\/wp-json\/wp\/v2\/media?parent=1019"}],"curies":[{"name":"wp","href":"https:\/\/api.w.org\/{rel}","templated":true}]}}