{"id":296,"date":"2007-12-30T22:23:44","date_gmt":"2007-12-30T21:23:44","guid":{"rendered":"http:\/\/cornelia.siteware.ch\/blog\/wordpress\/uber-mich"},"modified":"2012-09-19T11:03:50","modified_gmt":"2012-09-19T10:03:50","slug":"uber-mich","status":"publish","type":"page","link":"http:\/\/cornelia.siteware.ch\/blog\/wordpress\/uber-mich","title":{"rendered":"\u00dcber mich"},"content":{"rendered":"<p>Ich heisse Cornelia Steinmann. Studiert habe ich allgemeine Geschichte, Computerlinguistik und deutsche Sprachwissenschaft. Ca. im Jahr 2000 kam ich das erste Mal mit DaF in Kontakt und habe meine Leidenschaft f\u00fcr den Sprachunterricht entdeckt.<\/p>\n<p><strong>Dieses Blog<\/strong> und die <a href=\"http:\/\/www.cornelia.siteware.ch\/cms\/\">Themenseiten bzw. Linklisten<\/a> unter dem Namen &#8222;<strong>Sprachlich<\/strong>&#8220; sind private Projekte von mir, die ich in meiner Freizeit pflege. Die Zeit, die ich daf\u00fcr aufbringen kann, ist leider sehr unterschiedlich, in der Regel aber knapp bemessen, so dass es lange dauern kann, bis sich da etwas tut.<br \/>\nMehr \u00fcber die Zielgruppen meines Blogs k\u00f6nnt ihr im Artikel <a href=\"http:\/\/cornelia.siteware.ch\/blog\/wordpress\/2008\/06\/24\/bloggeburtstag\">Bloggeburtstag <\/a>nachlesen. Mehr zu den Themseiten bzw. Linklisten erfahrt ihr <a href=\"http:\/\/cornelia.siteware.ch\/cms\/willkommen\/uber-diese-seiten\">hier<\/a>.<\/p>\n<p>Ich unterrichte Deutsch als Fremdsprache am <a href=\"http:\/\/www.sprachenzentrum.uzh.ch\">Sprachenzentrum von Uni und ETH Z\u00fcrich<\/a> und leite zusammen mit einer Kollegin das <a href=\"http:\/\/www.sprachenzentrum.uzh.ch\/slz\">Selbstlernzentrum<\/a> des Sprachenzentrums. In diesem Zusammenhang bin ich auch daf\u00fcr zust\u00e4ndig, unsere Dozierenden beim Einsatz von neuen Medien und E-Learning zu unterst\u00fctzen. Beim Sprachenzentrum findet ihr auch einen <a href=\"http:\/\/www.sprachenzentrum.uzh.ch\/ueberuns\/mitarbeiter2.php?mitarbnr=76\">kurzen Lebenslauf<\/a>, eine Liste von Publikationen und eine Auswahl an Tagungsbeitr\u00e4gen bzw. Workshops etc. die ich geleistet bzw. durchgef\u00fchrt habe.<\/p>\n<p>Ich interessiere mich besonders f\u00fcr alles, was Unterricht besser und nachhaltiger machen kann, selbst\u00e4ndiges Lernen unterst\u00fctzt und\/oder mit E-Learning und neuen Medien zu tun hat. Besonders wichtig sind mir die Aussprache, H\u00f6rverstehen, der Wortschatzerwerb und das F\u00f6rdern des freien Sprechens. In letzter Zeit hat mich auch die Landeskunde &#8211; insbesondere das DACH(L)-Konzept &#8211; verst\u00e4rkt besch\u00e4ftigt.<\/p>\n<p>&nbsp;<\/p>\n<p><strong>Impressum<\/strong><br \/>\nCornelia Steinmann, Postfach (bzw. Albisriederstrasse 6), 8040 Z\u00fcrich. E-Mail: kontaktBEIcornelia.siteware.ch (BEI bitte durch @ ersetzen).<\/p>\n","protected":false},"excerpt":{"rendered":"<p>Ich heisse Cornelia Steinmann. Studiert habe ich allgemeine Geschichte, Computerlinguistik und deutsche Sprachwissenschaft. Ca. im Jahr 2000 kam ich das erste Mal mit DaF in Kontakt und habe meine Leidenschaft f\u00fcr den Sprachunterricht entdeckt. Dieses Blog und die Themenseiten bzw. Linklisten unter dem Namen &#8222;Sprachlich&#8220; sind private Projekte von mir, die ich in meiner Freizeit [&hellip;]<\/p>\n","protected":false},"author":24,"featured_media":0,"parent":0,"menu_order":0,"comment_status":"open","ping_status":"open","template":"","meta":{"footnotes":""},"_links":{"self":[{"href":"http:\/\/cornelia.siteware.ch\/blog\/wordpress\/wp-json\/wp\/v2\/pages\/296"}],"collection":[{"href":"http:\/\/cornelia.siteware.ch\/blog\/wordpress\/wp-json\/wp\/v2\/pages"}],"about":[{"href":"http:\/\/cornelia.siteware.ch\/blog\/wordpress\/wp-json\/wp\/v2\/types\/page"}],"author":[{"embeddable":true,"href":"http:\/\/cornelia.siteware.ch\/blog\/wordpress\/wp-json\/wp\/v2\/users\/24"}],"replies":[{"embeddable":true,"href":"http:\/\/cornelia.siteware.ch\/blog\/wordpress\/wp-json\/wp\/v2\/comments?post=296"}],"version-history":[{"count":5,"href":"http:\/\/cornelia.siteware.ch\/blog\/wordpress\/wp-json\/wp\/v2\/pages\/296\/revisions"}],"predecessor-version":[{"id":1045,"href":"http:\/\/cornelia.siteware.ch\/blog\/wordpress\/wp-json\/wp\/v2\/pages\/296\/revisions\/1045"}],"wp:attachment":[{"href":"http:\/\/cornelia.siteware.ch\/blog\/wordpress\/wp-json\/wp\/v2\/media?parent=296"}],"curies":[{"name":"wp","href":"https:\/\/api.w.org\/{rel}","templated":true}]}}