{"id":2186,"date":"2010-10-31T12:31:03","date_gmt":"2010-10-31T11:31:03","guid":{"rendered":"http:\/\/cornelia.siteware.ch\/blog\/wordpress\/?page_id=2186"},"modified":"2017-04-18T07:49:55","modified_gmt":"2017-04-18T06:49:55","slug":"literaturverzeichnis","status":"publish","type":"page","link":"http:\/\/cornelia.siteware.ch\/blog\/wordpress\/literaturverzeichnis","title":{"rendered":"Literaturverzeichnis"},"content":{"rendered":"<h3>Literaturverzeichnis zum DaF-Blog<\/h3>\n<p>Im folgenden findet ihr erg\u00e4nzende B\u00fccher, Aufs\u00e4tze, Nachschlagewerke und Online-Zeitschriten zu Themen des Blogs. H\u00e4ufig sind es Werke bzw. Beitr\u00e4ge, die ich in einem Blog-Beitrag zitiert habe.<\/p>\n<h4>B\u00fccher und Aufs\u00e4tze<\/h4>\n<p>Bachmann, Ueli; Kaufmann, Frank (2007): Zum Reden Bringen. In: Clal\u00fcna, Monika; Studer, Thomas (Hrsg.): <em>Deutsch im Gespr\u00e4ch. Sprechen im DaF- \/ DaZ-Unterricht. Sprechen \u00fcber DaF \/ DaZ in der Schweiz.<\/em> Akten der Gesamtschweizerischen Tagung f\u00fcr Deutschlehrerinnen und Deutschlehrer 22. und 23. September 2006. Stallikon, S. 127-29. Online-Version des Tagungsbandes als <a href=\"http:\/\/www.dafdaztagung.ch\/index.php?id=42\">Pdf <\/a>.<\/p>\n<p>Bolton, Sibylle; Glaboniat, Manuela; Lorenz, Helga et al.: <em>M\u00fcndlich. M\u00fcndliche Produktion und Interaktion Deutsch. Illustration der Niveaustufen des Gemeinsamen europ\u00e4ischen Referenzrahmens.<\/em> Berlin 2008.&#8220;<\/p>\n<p>Ender, Andrea; Li, Wei; Stra\u00dfl, Katharina (2007): <em><a href=\"http:\/\/www.linguistik-online.de\/32_07\/enderEtAl.html\">Das Projekt &#8222;Deutsch als Zweitsprache in Dialektumgebung&#8220;<\/a><\/em>. In. Linguistik online (32:3).<\/p>\n<p>Field, John (2008):\u00a0 <em>Listening in the\u00a0 Language Classroom.<\/em> Cambridge.<\/p>\n<p>Fischer, Andreas (2007): <em><a href=\"http:\/\/zif.spz.tu-darmstadt.de\/jg-12-2\/docs\/Fischer.pdf\">Deutsche Aussprache &#8211; Lernen mit Rhythmus<\/a>. <\/em>In: Zeitschrift f\u00fcr Interkulturellen Fremdsprachenunterricht 12:2,\u00a0 25 S.<\/p>\n<p>Fornoff, Roger (2013): <a href=\"http:\/\/zif.spz.tudarmstadt.de\/jg-18-2\/beitrag\/Fornoff.pdf\">Lexikalische Landeskunde. Ein Spielmodell fu\u0308r den Deutsch als Fremdsprache-Unterricht zum Thema \u201eDas Wort des Jahres\u201c<\/a>. Zeitschrift fu\u0308r Interkulturellen Fremdsprachenunterricht 18: 2, 88-99.<\/p>\n<p>Funke, Hermann; Kuhn, Christina; Skiba, Dirk, et al. (2014): Aufgaben, \u00dcbungen, Interaktion. M\u00fcnchen:\u00a0 Klett-Langenscheidt (= Deutsch lehren lernen, Bd. 4).<\/p>\n<p>H\u00e4gi, Sara: \u201c<strong><a href=\"http:\/\/www.akdaf.ch\/html\/rundbrief\/rbpdfs\/62_leseprobe1.pdf\">D<\/a><\/strong><em><a href=\"http:\/\/www.akdaf.ch\/html\/rundbrief\/rbpdfs\/62_leseprobe1.pdf\">AS DACH(L)-ABCD \u2013 KURZ VORGESTELLT<\/a><\/em>\u201c. In: <a href=\"http:\/\/www.akdaf.ch\/\">AkdaF<\/a>-Rundbrief 62\/2011.<\/p>\n<p>Hirschfeld, Ursula (1994): <em>Untersuchungen zur phonetischen Verst\u00e4ndlichkeit Deutschlernender.<\/em> Frankfurt\/M.\u00a0 (= Forum Phoneticum, Bd. 57).<\/p>\n<p>Hirschfeld, Ursula; Siebenhaar, Beat (2013): Aussprachevielfalt im Deutschen. DaF 3\/2013, S. 131\u2013140.<\/p>\n<p>Hove, Ingrid: <em>Die Aussprache der Standardsprache in der Schweiz<\/em>, T\u00fcbingen 2002 (= Phonai: Texte und Untersuchungen zum Gesprochenen Deutsch, Bd. 47).<\/p>\n<p>Jones, Randall L.; Tschirner, Erwin (2006): A Frequency Dictionary of German. Core vocabulary for Learners. London : Routledge.<\/p>\n<p>Kauffmann, Frank (2005):\u00a0 <a href=\"http:\/\/babylonia.ch\/fileadmin\/user_upload\/documents\/2005-2\/didbeitrag48.pdf\">Theatrales Improvisieren f\u00fcr Fremdsprachige (TIF)<\/a>. Didaktischer Beitrag Nr. 48 in: Babylonia 2\/05.<\/p>\n<p>Mitterer H, McQueen JM (2009) Foreign Subtitles Help but Native-Language Subtitles Harm Foreign Speech Perception. PLoS ONE 4(11): e7785. doi:10.1371\/journal.pone.0007785. Link: <a href=\"http:\/\/www.plosone.org\/article\/info%3Adoi%2F10.1371%2Fjournal.pone.0007785\">http:\/\/www.plosone.org\/article\/info%3Adoi%2F10.1371%2Fjournal.pone.0007785<\/a><\/p>\n<p>Nation, I.S.P. (1996) The four strands of a language course. <em>TESOL in Context<\/em> 6, 1: 7-12. Direktlink: <a href=\"http:\/\/www.victoria.ac.nz\/lals\/about\/staff\/publications\/paul-nation\/1996-Four-strands.pdf\">http:\/\/www.victoria.ac.nz\/lals\/about\/staff\/publications\/paul-nation\/1996-Four-strands.pdf<\/a><\/p>\n<p>Nation, I.S.P. (2007) The four strands. <em>Innovation in Language Learning and Teaching<\/em> 1, 1: 1-12. Direktlink: <a href=\"http:\/\/www.victoria.ac.nz\/lals\/about\/staff\/Publications\/paul-nation\/2007-Four-strands.pdf\">http:\/\/www.victoria.ac.nz\/lals\/about\/staff\/Publications\/paul-nation\/2007-Four-strands.pdf<\/a><\/p>\n<p>Nation, I.S.P (2008): <em>Teaching Vocabulary: Strategies and Techniques<\/em>. Boston: Heinle Cengage Learning.<\/p>\n<p>Nation, I.S.P (2013). Learning Vocabulary in another language. Second Edition. Cambridge.<\/p>\n<p>Padr\u00f3s, Alicia (2004): <a href=\"http:\/\/www.gfl-journal.de\/2-2004\/tm_padros.html\">Schreib mal wieder! Schreibaufgaben im Gemeinsamen europ\u00e4ischen Referenzrahmen<\/a>. In: GFL &#8211; German as a Foreign language (H 2.), S. 111-121.<\/p>\n<p>Pepe, Rafaella: <em><a href=\"http:\/\/www.pepe-edu.ch\/pdf\/publikation_rb_61_dachl.pdf\">Das DACHL-Konzept in Lehrwerken<\/a><\/em><strong>. <\/strong>Vortrag an der XIV. Polnischen Deutschlehrertagung Gleiwitz, 23.\/24. August 2010. In: AkDaF-Rundbrief 61\/2010. Abgelegt auf <a href=\"http:\/\/www.pepe-edu.ch\/\">pepe-edu.ch<\/a>.<\/p>\n<p>Peyer, Elisabeth, Kaiser, Irmtraud (2010): <em>Von Humpfh\u00f6rnern und Flundodilen: Pseudo-Lexikonartikel zum Testen der rezeptiven Schwierigkeit grammatischer Strukturen.<\/em> In: <a href=\"http:\/\/www.vals-asla.ch\/cms\/de\/bulletin\/thematiques.html\">Bulletin suisse de linguistique appliqu\u00e9e<\/a>, Nr. 91, S. 47-66.<\/p>\n<p>Rohs, Kai (2012): <a href=\"http:\/\/zif.spz.tu-darmstadt.de\/jg-17-1\/beitrag\/Rohs.pdf\" target=\"_blank\">Terti\u00e4rsprachenforschung im Kontext des DaF-Unterrichts in Korea<\/a>. In ZiF (17. Jg., Nr. 1, S. 59-75).<\/p>\n<p>Rues, Beate; Redecker, Beate; Koch, Evelyn et al. (2009): <em>Phonetische Transkription des Deutschen. Ein Arbeitsbuch. <\/em>T\u00fcbingen (= Narr Studienb\u00fccher).<\/p>\n<p>Tschirner, Erwin (2010): Wortschatz. In: Fandrych, Christian \/ Hufeisen, Britta \/ Krumm, Hans-J\u00fcrgen \/ Riemer Claudia (Hrsg.): Deutsch als Fremd- und Zweitsprache. Ein internationales Handbuch. Berlin\/New York: de Gruyter, 236-245 (Kapitel IV: Linguistische Gegenst\u00e4nde).<\/p>\n<p>Wagner, Elvis (2007): <em><a href=\"http:\/\/llt.msu.edu\/vol11num1\/wagner\/default.html\">Are They Watching? Test-Taker Viewing Behavior during an L2 Video Listening Test<\/a>.<\/em> In: Language Learning &amp; Technology (11:1). S. 67-86.<\/p>\n<p>Wolff, Dieter: <em>Sprachproduktion als Planung: Ein Beitrag zur Psychologie und Didaktik des Sprechens<\/em>. In: Clal\u00fcna, Monika; Studer, Thomas (Hrsg.): <em>Deutsch im Gespr\u00e4ch. Sprechen im DaF- \/ DaZ-Unterricht. Sprechen \u00fcber DaF \/ DaZ in der Schweiz.<\/em> Akten der Gesamtschweizerischen Tagung f\u00fcr Deutschlehrerinnen und Deutschlehrer 22. und 23. September 2006. Stallikon 2007, S. 63-74. Online-Version des Tagungsbandes als <a href=\"http:\/\/www.dafdaztagung.ch\/index.php?id=42\">Pdf <\/a>.<\/p>\n<h4>Nachschlagewerke<\/h4>\n<p><span>Ammon, Ulrich; Bickel, Hans; Ebner, Jakob et al.: <em>Variantenw\u00f6rterbuch des Deutschen. Die Standardsprache in \u00d6sterreich, der Schweiz und Deutschland sowie in Liechtenstein, Luxemburg, Ostbelgien und S\u00fcdtirol.<\/em> Berlin <span style=\"white-space: nowrap;\">2004.<\/span><\/span><\/p>\n<p><em>Duden. Aussprachew\u00f6rterbuch der deutschen Sprache<\/em> (2003). 5. neu bearbeitete und aktualisierte Auflage. Herausgegeben don der Dudenredaktion. Mannheim. (= Duden Band 6).<\/p>\n<p>Krech, Eva-Maria; Stock, Eberhard; Hirschfeld, Ursula et al. (2010): <em> Deutsches Aussprachew\u00f6rterbuch. Mit Beitr\u00e4gen von Walter Haas, Ingrid Hove, Peter Wiesinger.<\/em> Berlin.<\/p>\n<h4>Online-Zeitschriften<\/h4>\n<p><a href=\"http:\/\/alsic.revues.org\/\">ALSIC &#8211; Apprentisage des Langues et Syst\u00e8ms d&#8217;information et de Communication<\/a><\/p>\n<p><a href=\"http:\/\/www.babylonia-ti.ch\/\">Babylonia<\/a><\/p>\n<p><a href=\"http:\/\/www.vals-asla.ch\/cms\/de\/bulletin\/thematiques.html\">Bulletin suisse de linguistique appliqu\u00e9e<\/a><\/p>\n<p><a href=\"http:\/\/zs.thulb.uni-jena.de\/receive\/jportal_jpjournal_00001120\">Deutsch als Fremdsprache<\/a> (bis Jahrgang 2001)<\/p>\n<p><a href=\"http:\/\/www.gfl-journal.de\/\">GFL &#8211; German as a Foreign language<\/a><\/p>\n<p><a href=\"http:\/\/www.daf.de\/\">Info-DaF<\/a> (Beitr\u00e4ge ein Jahr nach der Ver\u00f6ffentlichung kostenlos zug\u00e4nglich)<\/p>\n<p><a href=\"http:\/\/llt.msu.edu\/\">LL&amp;T &#8211; Language Learning &amp; Technology<\/a><\/p>\n<p><a href=\"https:\/\/bop.unibe.ch\/linguistik-online\/issue\/archive\">Linguistik online<\/a><\/p>\n<p><a href=\"http:\/\/www.tesl-ej.org\/wordpress\/\">TESL-EJ<\/a>. Teaching English as Second or Foreign Language. The Electronic Journal for English as Second Language. http:\/\/www.tesl-ej.org\/wordpress\/<\/p>\n<p><a href=\"http:\/\/zif.spz.tu-darmstadt.de\/\">ZiF &#8211; Zeitschrift f\u00fcr Interkulturellen Fremdsprachenunterricht<\/a>.<\/p>\n","protected":false},"excerpt":{"rendered":"<p>Literaturverzeichnis zum DaF-Blog Im folgenden findet ihr erg\u00e4nzende B\u00fccher, Aufs\u00e4tze, Nachschlagewerke und Online-Zeitschriten zu Themen des Blogs. H\u00e4ufig sind es Werke bzw. Beitr\u00e4ge, die ich in einem Blog-Beitrag zitiert habe. B\u00fccher und Aufs\u00e4tze Bachmann, Ueli; Kaufmann, Frank (2007): Zum Reden Bringen. In: Clal\u00fcna, Monika; Studer, Thomas (Hrsg.): Deutsch im Gespr\u00e4ch. Sprechen im DaF- \/ DaZ-Unterricht. [&hellip;]<\/p>\n","protected":false},"author":24,"featured_media":0,"parent":0,"menu_order":0,"comment_status":"open","ping_status":"open","template":"","meta":{"footnotes":""},"_links":{"self":[{"href":"http:\/\/cornelia.siteware.ch\/blog\/wordpress\/wp-json\/wp\/v2\/pages\/2186"}],"collection":[{"href":"http:\/\/cornelia.siteware.ch\/blog\/wordpress\/wp-json\/wp\/v2\/pages"}],"about":[{"href":"http:\/\/cornelia.siteware.ch\/blog\/wordpress\/wp-json\/wp\/v2\/types\/page"}],"author":[{"embeddable":true,"href":"http:\/\/cornelia.siteware.ch\/blog\/wordpress\/wp-json\/wp\/v2\/users\/24"}],"replies":[{"embeddable":true,"href":"http:\/\/cornelia.siteware.ch\/blog\/wordpress\/wp-json\/wp\/v2\/comments?post=2186"}],"version-history":[{"count":5,"href":"http:\/\/cornelia.siteware.ch\/blog\/wordpress\/wp-json\/wp\/v2\/pages\/2186\/revisions"}],"predecessor-version":[{"id":2193,"href":"http:\/\/cornelia.siteware.ch\/blog\/wordpress\/wp-json\/wp\/v2\/pages\/2186\/revisions\/2193"}],"wp:attachment":[{"href":"http:\/\/cornelia.siteware.ch\/blog\/wordpress\/wp-json\/wp\/v2\/media?parent=2186"}],"curies":[{"name":"wp","href":"https:\/\/api.w.org\/{rel}","templated":true}]}}