{"id":1367,"date":"2009-09-13T22:19:59","date_gmt":"2009-09-13T21:19:59","guid":{"rendered":"http:\/\/cornelia.siteware.ch\/blog\/wordpress\/?page_id=1367"},"modified":"2009-09-13T22:41:16","modified_gmt":"2009-09-13T21:41:16","slug":"tags","status":"publish","type":"page","link":"http:\/\/cornelia.siteware.ch\/blog\/wordpress\/tags","title":{"rendered":"Tags"},"content":{"rendered":"<p>Unten findet ihr alle Tags und Kategorien angezeigt, die in diesem Blog verwendet werden. Wenn ihr auf einen Tag oder eine Kategorie klickt, werden alle Beitr\u00e4ge angezeigt, die damit gekennzeichnet sind. Anschliessend k\u00f6nnt ihr im Men\u00fc rechts unter &#8222;Schlagw\u00f6rter zu diesen Beitr\u00e4gen&#8220; weitere Tags anw\u00e4hlen, mit denen ihr die Artikel einschr\u00e4nken k\u00f6nnt. <\/p>\n<p><!--st_tag_cloud--><\/p>\n","protected":false},"excerpt":{"rendered":"<p>Unten findet ihr alle Tags und Kategorien angezeigt, die in diesem Blog verwendet werden. Wenn ihr auf einen Tag oder eine Kategorie klickt, werden alle Beitr\u00e4ge angezeigt, die damit gekennzeichnet sind. Anschliessend k\u00f6nnt ihr im Men\u00fc rechts unter &#8222;Schlagw\u00f6rter zu diesen Beitr\u00e4gen&#8220; weitere Tags anw\u00e4hlen, mit denen ihr die Artikel einschr\u00e4nken k\u00f6nnt.<\/p>\n","protected":false},"author":24,"featured_media":0,"parent":0,"menu_order":0,"comment_status":"open","ping_status":"open","template":"","meta":{"footnotes":""},"_links":{"self":[{"href":"http:\/\/cornelia.siteware.ch\/blog\/wordpress\/wp-json\/wp\/v2\/pages\/1367"}],"collection":[{"href":"http:\/\/cornelia.siteware.ch\/blog\/wordpress\/wp-json\/wp\/v2\/pages"}],"about":[{"href":"http:\/\/cornelia.siteware.ch\/blog\/wordpress\/wp-json\/wp\/v2\/types\/page"}],"author":[{"embeddable":true,"href":"http:\/\/cornelia.siteware.ch\/blog\/wordpress\/wp-json\/wp\/v2\/users\/24"}],"replies":[{"embeddable":true,"href":"http:\/\/cornelia.siteware.ch\/blog\/wordpress\/wp-json\/wp\/v2\/comments?post=1367"}],"version-history":[{"count":5,"href":"http:\/\/cornelia.siteware.ch\/blog\/wordpress\/wp-json\/wp\/v2\/pages\/1367\/revisions"}],"predecessor-version":[{"id":1371,"href":"http:\/\/cornelia.siteware.ch\/blog\/wordpress\/wp-json\/wp\/v2\/pages\/1367\/revisions\/1371"}],"wp:attachment":[{"href":"http:\/\/cornelia.siteware.ch\/blog\/wordpress\/wp-json\/wp\/v2\/media?parent=1367"}],"curies":[{"name":"wp","href":"https:\/\/api.w.org\/{rel}","templated":true}]}}